{"id":1543,"date":"2022-03-07T17:24:46","date_gmt":"2022-03-07T16:24:46","guid":{"rendered":"https:\/\/cuartetoiberia.com\/cuarteto\/quartett-marta-peno\/"},"modified":"2022-05-19T13:14:42","modified_gmt":"2022-05-19T11:14:42","slug":"quartett-marta-peno","status":"publish","type":"page","link":"https:\/\/cuarteto.daisiv.es\/en\/cuarteto\/quartett-marta-peno\/","title":{"rendered":"Quartett &#8211; Marta Pe\u00f1o"},"content":{"rendered":"\t\t<div data-elementor-type=\"wp-page\" data-elementor-id=\"1543\" class=\"elementor elementor-1543 elementor-402\" data-elementor-post-type=\"page\">\n\t\t\t\t\t\t<section class=\"elementor-section elementor-top-section elementor-element elementor-element-47169317 elementor-section-full_width elementor-section-stretched elementor-section-height-default elementor-section-height-default\" data-id=\"47169317\" data-element_type=\"section\" data-settings=\"{&quot;stretch_section&quot;:&quot;section-stretched&quot;,&quot;background_background&quot;:&quot;classic&quot;}\">\n\t\t\t\t\t\t<div class=\"elementor-container elementor-column-gap-no\">\n\t\t\t\t\t<div class=\"elementor-column elementor-col-25 elementor-top-column elementor-element elementor-element-513c9194\" data-id=\"513c9194\" data-element_type=\"column\" data-settings=\"{&quot;background_background&quot;:&quot;slideshow&quot;,&quot;background_slideshow_gallery&quot;:[],&quot;background_slideshow_loop&quot;:&quot;yes&quot;,&quot;background_slideshow_slide_duration&quot;:5000,&quot;background_slideshow_slide_transition&quot;:&quot;fade&quot;,&quot;background_slideshow_transition_duration&quot;:500}\">\n\t\t\t<div class=\"elementor-widget-wrap elementor-element-populated\">\n\t\t\t\t\t\t<div class=\"elementor-element elementor-element-622b4250 elementor-widget elementor-widget-heading\" data-id=\"622b4250\" data-element_type=\"widget\" data-widget_type=\"heading.default\">\n\t\t\t\t<div class=\"elementor-widget-container\">\n\t\t\t<style>\/*! elementor - v3.21.0 - 26-05-2024 *\/\n.elementor-heading-title{padding:0;margin:0;line-height:1}.elementor-widget-heading .elementor-heading-title[class*=elementor-size-]>a{color:inherit;font-size:inherit;line-height:inherit}.elementor-widget-heading .elementor-heading-title.elementor-size-small{font-size:15px}.elementor-widget-heading .elementor-heading-title.elementor-size-medium{font-size:19px}.elementor-widget-heading .elementor-heading-title.elementor-size-large{font-size:29px}.elementor-widget-heading .elementor-heading-title.elementor-size-xl{font-size:39px}.elementor-widget-heading .elementor-heading-title.elementor-size-xxl{font-size:59px}<\/style><p class=\"elementor-heading-title elementor-size-default\"><a href=\"https:\/\/cuarteto.daisiv.es\/en\/cuarteto\/\">Cuarteto Iberia<\/a><\/p>\t\t<\/div>\n\t\t\t\t<\/div>\n\t\t\t\t<div class=\"elementor-element elementor-element-47fa52de elementor-widget elementor-widget-heading\" data-id=\"47fa52de\" data-element_type=\"widget\" data-widget_type=\"heading.default\">\n\t\t\t\t<div class=\"elementor-widget-container\">\n\t\t\t<p class=\"elementor-heading-title elementor-size-default\">Members<\/p>\t\t<\/div>\n\t\t\t\t<\/div>\n\t\t\t\t\t<\/div>\n\t\t<\/div>\n\t\t\t\t<div class=\"elementor-column elementor-col-25 elementor-top-column elementor-element elementor-element-3dd6fcd6\" data-id=\"3dd6fcd6\" data-element_type=\"column\">\n\t\t\t<div class=\"elementor-widget-wrap elementor-element-populated\">\n\t\t\t\t\t\t<div class=\"elementor-element elementor-element-53c2f168 elementor-widget elementor-widget-image\" data-id=\"53c2f168\" data-element_type=\"widget\" data-widget_type=\"image.default\">\n\t\t\t\t<div class=\"elementor-widget-container\">\n\t\t\t<style>\/*! elementor - v3.21.0 - 26-05-2024 *\/\n.elementor-widget-image{text-align:center}.elementor-widget-image a{display:inline-block}.elementor-widget-image a img[src$=\".svg\"]{width:48px}.elementor-widget-image img{vertical-align:middle;display:inline-block}<\/style>\t\t\t\t\t\t\t\t\t\t\t<a href=\"https:\/\/cuarteto.daisiv.es\/en\/cuarteto\/\">\n\t\t\t\t\t\t\t<img fetchpriority=\"high\" decoding=\"async\" width=\"1200\" height=\"1200\" src=\"https:\/\/cuarteto.daisiv.es\/wp-content\/uploads\/2022\/03\/componentes-cuarteto-iberia2.jpg\" class=\"attachment-full size-full wp-image-1473\" alt=\"\" srcset=\"https:\/\/cuarteto.daisiv.es\/wp-content\/uploads\/2022\/03\/componentes-cuarteto-iberia2.jpg 1200w, https:\/\/cuarteto.daisiv.es\/wp-content\/uploads\/2022\/03\/componentes-cuarteto-iberia2-300x300.jpg 300w, https:\/\/cuarteto.daisiv.es\/wp-content\/uploads\/2022\/03\/componentes-cuarteto-iberia2-1024x1024.jpg 1024w, https:\/\/cuarteto.daisiv.es\/wp-content\/uploads\/2022\/03\/componentes-cuarteto-iberia2-150x150.jpg 150w, https:\/\/cuarteto.daisiv.es\/wp-content\/uploads\/2022\/03\/componentes-cuarteto-iberia2-768x768.jpg 768w\" sizes=\"(max-width: 1200px) 100vw, 1200px\" \/>\t\t\t\t\t\t\t\t<\/a>\n\t\t\t\t\t\t\t\t\t\t\t\t\t<\/div>\n\t\t\t\t<\/div>\n\t\t\t\t\t<\/div>\n\t\t<\/div>\n\t\t\t\t<div class=\"elementor-column elementor-col-25 elementor-top-column elementor-element elementor-element-88aea1d\" data-id=\"88aea1d\" data-element_type=\"column\">\n\t\t\t<div class=\"elementor-widget-wrap elementor-element-populated\">\n\t\t\t\t\t\t<div class=\"elementor-element elementor-element-686e4f4c elementor-widget elementor-widget-heading\" data-id=\"686e4f4c\" data-element_type=\"widget\" data-widget_type=\"heading.default\">\n\t\t\t\t<div class=\"elementor-widget-container\">\n\t\t\t<p class=\"elementor-heading-title elementor-size-default\"><a href=\"https:\/\/cuarteto.daisiv.es\/en\/cuarteto\/quarttett-luis-rodriguez\/#luisrodriguez\">Luis Rodr\u00edguez<\/a><\/p>\t\t<\/div>\n\t\t\t\t<\/div>\n\t\t\t\t<div class=\"elementor-element elementor-element-506e8759 elementor-widget elementor-widget-heading\" data-id=\"506e8759\" data-element_type=\"widget\" data-widget_type=\"heading.default\">\n\t\t\t\t<div class=\"elementor-widget-container\">\n\t\t\t<p class=\"elementor-heading-title elementor-size-default\">Violin<\/p>\t\t<\/div>\n\t\t\t\t<\/div>\n\t\t\t\t\t<\/div>\n\t\t<\/div>\n\t\t\t\t<div class=\"elementor-column elementor-col-25 elementor-top-column elementor-element elementor-element-624e78f2\" data-id=\"624e78f2\" data-element_type=\"column\">\n\t\t\t<div class=\"elementor-widget-wrap elementor-element-populated\">\n\t\t\t\t\t\t<div class=\"elementor-element elementor-element-55d5beca elementor-widget elementor-widget-image\" data-id=\"55d5beca\" data-element_type=\"widget\" data-widget_type=\"image.default\">\n\t\t\t\t<div class=\"elementor-widget-container\">\n\t\t\t\t\t\t\t\t\t\t\t\t\t\t<a href=\"https:\/\/cuarteto.daisiv.es\/en\/cuarteto\/quarttett-luis-rodriguez\/#luisrodriguez\">\n\t\t\t\t\t\t\t<img decoding=\"async\" width=\"1200\" height=\"1200\" src=\"https:\/\/cuarteto.daisiv.es\/wp-content\/uploads\/2022\/03\/luis-rodriguez-cuarteto-iberia.jpg\" class=\"attachment-full size-full wp-image-1449\" alt=\"\" srcset=\"https:\/\/cuarteto.daisiv.es\/wp-content\/uploads\/2022\/03\/luis-rodriguez-cuarteto-iberia.jpg 1200w, https:\/\/cuarteto.daisiv.es\/wp-content\/uploads\/2022\/03\/luis-rodriguez-cuarteto-iberia-300x300.jpg 300w, https:\/\/cuarteto.daisiv.es\/wp-content\/uploads\/2022\/03\/luis-rodriguez-cuarteto-iberia-1024x1024.jpg 1024w, https:\/\/cuarteto.daisiv.es\/wp-content\/uploads\/2022\/03\/luis-rodriguez-cuarteto-iberia-150x150.jpg 150w, https:\/\/cuarteto.daisiv.es\/wp-content\/uploads\/2022\/03\/luis-rodriguez-cuarteto-iberia-768x768.jpg 768w\" sizes=\"(max-width: 1200px) 100vw, 1200px\" \/>\t\t\t\t\t\t\t\t<\/a>\n\t\t\t\t\t\t\t\t\t\t\t\t\t<\/div>\n\t\t\t\t<\/div>\n\t\t\t\t\t<\/div>\n\t\t<\/div>\n\t\t\t\t\t<\/div>\n\t\t<\/section>\n\t\t\t\t<section class=\"elementor-section elementor-top-section elementor-element elementor-element-1148fc52 elementor-section-full_width elementor-section-stretched elementor-reverse-mobile elementor-section-height-default elementor-section-height-default\" data-id=\"1148fc52\" data-element_type=\"section\" data-settings=\"{&quot;stretch_section&quot;:&quot;section-stretched&quot;,&quot;background_background&quot;:&quot;classic&quot;}\">\n\t\t\t\t\t\t<div class=\"elementor-container elementor-column-gap-no\">\n\t\t\t\t\t<div class=\"elementor-column elementor-col-25 elementor-top-column elementor-element elementor-element-33ce6268\" data-id=\"33ce6268\" data-element_type=\"column\" data-settings=\"{&quot;background_background&quot;:&quot;slideshow&quot;,&quot;background_slideshow_gallery&quot;:[],&quot;background_slideshow_loop&quot;:&quot;yes&quot;,&quot;background_slideshow_slide_duration&quot;:5000,&quot;background_slideshow_slide_transition&quot;:&quot;fade&quot;,&quot;background_slideshow_transition_duration&quot;:500}\">\n\t\t\t<div class=\"elementor-widget-wrap elementor-element-populated\">\n\t\t\t\t\t\t<div class=\"elementor-element elementor-element-18a4bf6a elementor-widget elementor-widget-image\" data-id=\"18a4bf6a\" data-element_type=\"widget\" data-widget_type=\"image.default\">\n\t\t\t\t<div class=\"elementor-widget-container\">\n\t\t\t\t\t\t\t\t\t\t\t\t\t\t<a href=\"https:\/\/cuarteto.daisiv.es\/en\/cuarteto\/quartett-arnold-rodriguez\/#arnoldrodriguez\">\n\t\t\t\t\t\t\t<img decoding=\"async\" width=\"1200\" height=\"1200\" src=\"https:\/\/cuarteto.daisiv.es\/wp-content\/uploads\/2022\/03\/arnold-rodriguez-cuarteto-iberia.jpg\" class=\"attachment-full size-full wp-image-1447\" alt=\"\" srcset=\"https:\/\/cuarteto.daisiv.es\/wp-content\/uploads\/2022\/03\/arnold-rodriguez-cuarteto-iberia.jpg 1200w, https:\/\/cuarteto.daisiv.es\/wp-content\/uploads\/2022\/03\/arnold-rodriguez-cuarteto-iberia-300x300.jpg 300w, https:\/\/cuarteto.daisiv.es\/wp-content\/uploads\/2022\/03\/arnold-rodriguez-cuarteto-iberia-1024x1024.jpg 1024w, https:\/\/cuarteto.daisiv.es\/wp-content\/uploads\/2022\/03\/arnold-rodriguez-cuarteto-iberia-150x150.jpg 150w, https:\/\/cuarteto.daisiv.es\/wp-content\/uploads\/2022\/03\/arnold-rodriguez-cuarteto-iberia-768x768.jpg 768w\" sizes=\"(max-width: 1200px) 100vw, 1200px\" \/>\t\t\t\t\t\t\t\t<\/a>\n\t\t\t\t\t\t\t\t\t\t\t\t\t<\/div>\n\t\t\t\t<\/div>\n\t\t\t\t\t<\/div>\n\t\t<\/div>\n\t\t\t\t<div class=\"elementor-column elementor-col-25 elementor-top-column elementor-element elementor-element-3cbfae32\" data-id=\"3cbfae32\" data-element_type=\"column\">\n\t\t\t<div class=\"elementor-widget-wrap elementor-element-populated\">\n\t\t\t\t\t\t<div class=\"elementor-element elementor-element-c20537 elementor-widget elementor-widget-heading\" data-id=\"c20537\" data-element_type=\"widget\" data-widget_type=\"heading.default\">\n\t\t\t\t<div class=\"elementor-widget-container\">\n\t\t\t<p class=\"elementor-heading-title elementor-size-default\"><a href=\"https:\/\/cuarteto.daisiv.es\/en\/cuarteto\/quartett-arnold-rodriguez\/#arnoldrodriguez\">Arnold Rodr\u00edguez<\/a><\/p>\t\t<\/div>\n\t\t\t\t<\/div>\n\t\t\t\t<div class=\"elementor-element elementor-element-416d1c1f elementor-widget elementor-widget-heading\" data-id=\"416d1c1f\" data-element_type=\"widget\" data-widget_type=\"heading.default\">\n\t\t\t\t<div class=\"elementor-widget-container\">\n\t\t\t<p class=\"elementor-heading-title elementor-size-default\">Cello<\/p>\t\t<\/div>\n\t\t\t\t<\/div>\n\t\t\t\t\t<\/div>\n\t\t<\/div>\n\t\t\t\t<div class=\"elementor-column elementor-col-25 elementor-top-column elementor-element elementor-element-64df9cc2\" data-id=\"64df9cc2\" data-element_type=\"column\">\n\t\t\t<div class=\"elementor-widget-wrap elementor-element-populated\">\n\t\t\t\t\t\t<div class=\"elementor-element elementor-element-25241204 elementor-widget elementor-widget-image\" data-id=\"25241204\" data-element_type=\"widget\" data-widget_type=\"image.default\">\n\t\t\t\t<div class=\"elementor-widget-container\">\n\t\t\t\t\t\t\t\t\t\t\t\t\t\t<a href=\"https:\/\/cuarteto.daisiv.es\/en\/cuarteto\/quartett-aurora-rus\/#aurorarus\">\n\t\t\t\t\t\t\t<img loading=\"lazy\" decoding=\"async\" width=\"1200\" height=\"1200\" src=\"https:\/\/cuarteto.daisiv.es\/wp-content\/uploads\/2022\/03\/aurora-rus-cuarteto-iberia.jpg\" class=\"attachment-full size-full wp-image-1445\" alt=\"\" srcset=\"https:\/\/cuarteto.daisiv.es\/wp-content\/uploads\/2022\/03\/aurora-rus-cuarteto-iberia.jpg 1200w, https:\/\/cuarteto.daisiv.es\/wp-content\/uploads\/2022\/03\/aurora-rus-cuarteto-iberia-300x300.jpg 300w, https:\/\/cuarteto.daisiv.es\/wp-content\/uploads\/2022\/03\/aurora-rus-cuarteto-iberia-1024x1024.jpg 1024w, https:\/\/cuarteto.daisiv.es\/wp-content\/uploads\/2022\/03\/aurora-rus-cuarteto-iberia-150x150.jpg 150w, https:\/\/cuarteto.daisiv.es\/wp-content\/uploads\/2022\/03\/aurora-rus-cuarteto-iberia-768x768.jpg 768w\" sizes=\"(max-width: 1200px) 100vw, 1200px\" \/>\t\t\t\t\t\t\t\t<\/a>\n\t\t\t\t\t\t\t\t\t\t\t\t\t<\/div>\n\t\t\t\t<\/div>\n\t\t\t\t\t<\/div>\n\t\t<\/div>\n\t\t\t\t<div class=\"elementor-column elementor-col-25 elementor-top-column elementor-element elementor-element-126e7d06\" data-id=\"126e7d06\" data-element_type=\"column\">\n\t\t\t<div class=\"elementor-widget-wrap elementor-element-populated\">\n\t\t\t\t\t\t<div class=\"elementor-element elementor-element-7df677cc elementor-widget elementor-widget-heading\" data-id=\"7df677cc\" data-element_type=\"widget\" data-widget_type=\"heading.default\">\n\t\t\t\t<div class=\"elementor-widget-container\">\n\t\t\t<p class=\"elementor-heading-title elementor-size-default\"><a href=\"https:\/\/cuarteto.daisiv.es\/en\/cuarteto\/quartett-aurora-rus\/#aurorarus\">Aurora Rus<\/a><\/p>\t\t<\/div>\n\t\t\t\t<\/div>\n\t\t\t\t<div class=\"elementor-element elementor-element-c59b09f elementor-widget elementor-widget-heading\" data-id=\"c59b09f\" data-element_type=\"widget\" data-widget_type=\"heading.default\">\n\t\t\t\t<div class=\"elementor-widget-container\">\n\t\t\t<p class=\"elementor-heading-title elementor-size-default\">Viola<\/p>\t\t<\/div>\n\t\t\t\t<\/div>\n\t\t\t\t\t<\/div>\n\t\t<\/div>\n\t\t\t\t\t<\/div>\n\t\t<\/section>\n\t\t\t\t<section class=\"elementor-section elementor-top-section elementor-element elementor-element-2af61f9b elementor-section-boxed elementor-section-height-default elementor-section-height-default\" data-id=\"2af61f9b\" data-element_type=\"section\" id=\"martape\u00f1o\">\n\t\t\t\t\t\t<div class=\"elementor-container elementor-column-gap-default\">\n\t\t\t\t\t<div class=\"elementor-column elementor-col-100 elementor-top-column elementor-element elementor-element-4db7d46a\" data-id=\"4db7d46a\" data-element_type=\"column\">\n\t\t\t<div class=\"elementor-widget-wrap elementor-element-populated\">\n\t\t\t\t\t\t<div class=\"elementor-element elementor-element-62597ae7 elementor-widget elementor-widget-heading\" data-id=\"62597ae7\" data-element_type=\"widget\" data-widget_type=\"heading.default\">\n\t\t\t\t<div class=\"elementor-widget-container\">\n\t\t\t<h1 class=\"elementor-heading-title elementor-size-default\">Marta Pe\u00f1o<\/h1>\t\t<\/div>\n\t\t\t\t<\/div>\n\t\t\t\t<div class=\"elementor-element elementor-element-2759a8dd elementor-widget elementor-widget-text-editor\" data-id=\"2759a8dd\" data-element_type=\"widget\" data-widget_type=\"text-editor.default\">\n\t\t\t\t<div class=\"elementor-widget-container\">\n\t\t\t<style>\/*! elementor - v3.21.0 - 26-05-2024 *\/\n.elementor-widget-text-editor.elementor-drop-cap-view-stacked .elementor-drop-cap{background-color:#69727d;color:#fff}.elementor-widget-text-editor.elementor-drop-cap-view-framed .elementor-drop-cap{color:#69727d;border:3px solid;background-color:transparent}.elementor-widget-text-editor:not(.elementor-drop-cap-view-default) .elementor-drop-cap{margin-top:8px}.elementor-widget-text-editor:not(.elementor-drop-cap-view-default) .elementor-drop-cap-letter{width:1em;height:1em}.elementor-widget-text-editor .elementor-drop-cap{float:left;text-align:center;line-height:1;font-size:50px}.elementor-widget-text-editor .elementor-drop-cap-letter{display:inline-block}<\/style>\t\t\t\tViolin\t\t\t\t\t\t<\/div>\n\t\t\t\t<\/div>\n\t\t\t\t<div class=\"elementor-element elementor-element-1eddf012 elementor-widget-divider--view-line elementor-widget elementor-widget-divider\" data-id=\"1eddf012\" data-element_type=\"widget\" data-widget_type=\"divider.default\">\n\t\t\t\t<div class=\"elementor-widget-container\">\n\t\t\t<style>\/*! elementor - v3.21.0 - 26-05-2024 *\/\n.elementor-widget-divider{--divider-border-style:none;--divider-border-width:1px;--divider-color:#0c0d0e;--divider-icon-size:20px;--divider-element-spacing:10px;--divider-pattern-height:24px;--divider-pattern-size:20px;--divider-pattern-url:none;--divider-pattern-repeat:repeat-x}.elementor-widget-divider .elementor-divider{display:flex}.elementor-widget-divider .elementor-divider__text{font-size:15px;line-height:1;max-width:95%}.elementor-widget-divider .elementor-divider__element{margin:0 var(--divider-element-spacing);flex-shrink:0}.elementor-widget-divider .elementor-icon{font-size:var(--divider-icon-size)}.elementor-widget-divider .elementor-divider-separator{display:flex;margin:0;direction:ltr}.elementor-widget-divider--view-line_icon .elementor-divider-separator,.elementor-widget-divider--view-line_text .elementor-divider-separator{align-items:center}.elementor-widget-divider--view-line_icon .elementor-divider-separator:after,.elementor-widget-divider--view-line_icon .elementor-divider-separator:before,.elementor-widget-divider--view-line_text .elementor-divider-separator:after,.elementor-widget-divider--view-line_text .elementor-divider-separator:before{display:block;content:\"\";border-block-end:0;flex-grow:1;border-block-start:var(--divider-border-width) var(--divider-border-style) var(--divider-color)}.elementor-widget-divider--element-align-left .elementor-divider .elementor-divider-separator>.elementor-divider__svg:first-of-type{flex-grow:0;flex-shrink:100}.elementor-widget-divider--element-align-left .elementor-divider-separator:before{content:none}.elementor-widget-divider--element-align-left .elementor-divider__element{margin-left:0}.elementor-widget-divider--element-align-right .elementor-divider .elementor-divider-separator>.elementor-divider__svg:last-of-type{flex-grow:0;flex-shrink:100}.elementor-widget-divider--element-align-right .elementor-divider-separator:after{content:none}.elementor-widget-divider--element-align-right .elementor-divider__element{margin-right:0}.elementor-widget-divider--element-align-start .elementor-divider .elementor-divider-separator>.elementor-divider__svg:first-of-type{flex-grow:0;flex-shrink:100}.elementor-widget-divider--element-align-start .elementor-divider-separator:before{content:none}.elementor-widget-divider--element-align-start .elementor-divider__element{margin-inline-start:0}.elementor-widget-divider--element-align-end .elementor-divider .elementor-divider-separator>.elementor-divider__svg:last-of-type{flex-grow:0;flex-shrink:100}.elementor-widget-divider--element-align-end .elementor-divider-separator:after{content:none}.elementor-widget-divider--element-align-end .elementor-divider__element{margin-inline-end:0}.elementor-widget-divider:not(.elementor-widget-divider--view-line_text):not(.elementor-widget-divider--view-line_icon) .elementor-divider-separator{border-block-start:var(--divider-border-width) var(--divider-border-style) var(--divider-color)}.elementor-widget-divider--separator-type-pattern{--divider-border-style:none}.elementor-widget-divider--separator-type-pattern.elementor-widget-divider--view-line .elementor-divider-separator,.elementor-widget-divider--separator-type-pattern:not(.elementor-widget-divider--view-line) .elementor-divider-separator:after,.elementor-widget-divider--separator-type-pattern:not(.elementor-widget-divider--view-line) .elementor-divider-separator:before,.elementor-widget-divider--separator-type-pattern:not([class*=elementor-widget-divider--view]) .elementor-divider-separator{width:100%;min-height:var(--divider-pattern-height);-webkit-mask-size:var(--divider-pattern-size) 100%;mask-size:var(--divider-pattern-size) 100%;-webkit-mask-repeat:var(--divider-pattern-repeat);mask-repeat:var(--divider-pattern-repeat);background-color:var(--divider-color);-webkit-mask-image:var(--divider-pattern-url);mask-image:var(--divider-pattern-url)}.elementor-widget-divider--no-spacing{--divider-pattern-size:auto}.elementor-widget-divider--bg-round{--divider-pattern-repeat:round}.rtl .elementor-widget-divider .elementor-divider__text{direction:rtl}.e-con-inner>.elementor-widget-divider,.e-con>.elementor-widget-divider{width:var(--container-widget-width,100%);--flex-grow:var(--container-widget-flex-grow)}<\/style>\t\t<div class=\"elementor-divider\">\n\t\t\t<span class=\"elementor-divider-separator\">\n\t\t\t\t\t\t<\/span>\n\t\t<\/div>\n\t\t\t\t<\/div>\n\t\t\t\t<\/div>\n\t\t\t\t<div class=\"elementor-element elementor-element-1ae1e756 elementor-widget elementor-widget-text-editor\" data-id=\"1ae1e756\" data-element_type=\"widget\" data-widget_type=\"text-editor.default\">\n\t\t\t\t<div class=\"elementor-widget-container\">\n\t\t\t\t\t\t\t<p style=\"font-weight: 400;\">Marta Pe\u00f1o was born in 1994 in Madrid (Spain), where she began\nat age 4 his musical studies with Sergio Castro and Anna Baget.\nShe continued her violin career in Musikene (San Sebasti\u00e1n, Spain) with Keiko Wataya\nand in the Hochschule Luzern (Switzerland) with Daniel Dodds, obtaining a Soloist Master\nDiplom and playing a final concert as a soloist in the\nKKL Luzern with the\nFestival Strings Lucerne.\nShe has also received violin\nmasterclasses from Mimi Zweig,\nPeter Brunt, Isabelle Van Keulen or Anton Steck.<\/p>\n\n<p style=\"font-weight: 400;\">Her passion for chamber music leads her into an activity\nof several concerts, playing in festivals and halls in Spain, Austria, Switzerland, Germany\nor Italy, like the Bilbao Musica Musika Festival,\nSalzburg Sommerakademie or Lucca Boccherini Festival.\nShe received chamber music and string quartet masterclasses from Heime M\u00fcller,\nRainer Schmidt (Hagen Quartett), Kuss Quartett,\nCuarteto Quiroga, Isabel Chairisius,\nMaurice Bourgue, Helmut Lachenmann,\nBenedicte Palko or Andoni Mercero.<\/p>\n\n<p style=\"font-weight: 400;\">Since the beginning of 2018, she is a member of the Gustav Mahler\nJugendorchester, playing in the Musikverein in Viena,\nConcertgebouw Amsterdam and other european halls\nand learning from different conductors like Lorenzo Viotti or Jonathan Nott. She plays regularly with the\nFestival Strings Lucerne under the leadership of its concertmaster Daniel Dodds.<\/p>\n\t\t\t\t\t\t<\/div>\n\t\t\t\t<\/div>\n\t\t\t\t\t<\/div>\n\t\t<\/div>\n\t\t\t\t\t<\/div>\n\t\t<\/section>\n\t\t\t\t<section class=\"elementor-section elementor-top-section elementor-element elementor-element-678c937a elementor-section-boxed elementor-section-height-default elementor-section-height-default\" data-id=\"678c937a\" data-element_type=\"section\">\n\t\t\t\t\t\t<div class=\"elementor-container elementor-column-gap-default\">\n\t\t\t\t\t<div class=\"elementor-column elementor-col-100 elementor-top-column elementor-element elementor-element-4766c4d2\" data-id=\"4766c4d2\" data-element_type=\"column\">\n\t\t\t<div class=\"elementor-widget-wrap elementor-element-populated\">\n\t\t\t\t\t\t<div class=\"elementor-element elementor-element-fe5c394 elementor-align-center elementor-widget elementor-widget-button\" data-id=\"fe5c394\" data-element_type=\"widget\" data-widget_type=\"button.default\">\n\t\t\t\t<div class=\"elementor-widget-container\">\n\t\t\t\t\t<div class=\"elementor-button-wrapper\">\n\t\t\t<a class=\"elementor-button elementor-button-link elementor-size-lg\" href=\"https:\/\/cuarteto.daisiv.es\/wp-content\/uploads\/2022\/04\/Cuarteto-iberia-bio_en.pdf\" target=\"_blank\">\n\t\t\t\t\t\t<span class=\"elementor-button-content-wrapper\">\n\t\t\t\t\t\t\t\t\t<span class=\"elementor-button-text\">CV QUARTET<\/span>\n\t\t\t\t\t<\/span>\n\t\t\t\t\t<\/a>\n\t\t<\/div>\n\t\t\t\t<\/div>\n\t\t\t\t<\/div>\n\t\t\t\t\t<\/div>\n\t\t<\/div>\n\t\t\t\t\t<\/div>\n\t\t<\/section>\n\t\t\t\t<\/div>\n\t\t","protected":false},"excerpt":{"rendered":"<p>Cuarteto Iberia Members Luis Rodr\u00edguez Violin Arnold Rodr\u00edguez Cello Aurora Rus Viola Marta Pe\u00f1o Violin Marta Pe\u00f1o was born in 1994 in Madrid (Spain), where she began at age 4 his musical studies with Sergio Castro and Anna Baget. She continued her violin career in Musikene (San Sebasti\u00e1n, Spain) with Keiko Wataya and in the &#8230; <a title=\"Quartett &#8211; Marta Pe\u00f1o\" class=\"read-more\" href=\"https:\/\/cuarteto.daisiv.es\/en\/cuarteto\/quartett-marta-peno\/\" aria-label=\"Read more about Quartett &#8211; Marta Pe\u00f1o\">Leer m\u00e1s<\/a><\/p>\n","protected":false},"author":1,"featured_media":0,"parent":1537,"menu_order":0,"comment_status":"closed","ping_status":"closed","template":"","meta":{"_acf_changed":false,"footnotes":""},"class_list":["post-1543","page","type-page","status-publish"],"acf":[],"publishpress_future_action":{"enabled":false,"date":"2026-05-06 05:11:57","action":"change-status","newStatus":"draft","terms":[],"taxonomy":"translation_priority"},"publishpress_future_workflow_manual_trigger":{"enabledWorkflows":[]},"_links":{"self":[{"href":"https:\/\/cuarteto.daisiv.es\/en\/wp-json\/wp\/v2\/pages\/1543","targetHints":{"allow":["GET"]}}],"collection":[{"href":"https:\/\/cuarteto.daisiv.es\/en\/wp-json\/wp\/v2\/pages"}],"about":[{"href":"https:\/\/cuarteto.daisiv.es\/en\/wp-json\/wp\/v2\/types\/page"}],"author":[{"embeddable":true,"href":"https:\/\/cuarteto.daisiv.es\/en\/wp-json\/wp\/v2\/users\/1"}],"replies":[{"embeddable":true,"href":"https:\/\/cuarteto.daisiv.es\/en\/wp-json\/wp\/v2\/comments?post=1543"}],"version-history":[{"count":9,"href":"https:\/\/cuarteto.daisiv.es\/en\/wp-json\/wp\/v2\/pages\/1543\/revisions"}],"predecessor-version":[{"id":1991,"href":"https:\/\/cuarteto.daisiv.es\/en\/wp-json\/wp\/v2\/pages\/1543\/revisions\/1991"}],"up":[{"embeddable":true,"href":"https:\/\/cuarteto.daisiv.es\/en\/wp-json\/wp\/v2\/pages\/1537"}],"wp:attachment":[{"href":"https:\/\/cuarteto.daisiv.es\/en\/wp-json\/wp\/v2\/media?parent=1543"}],"curies":[{"name":"wp","href":"https:\/\/api.w.org\/{rel}","templated":true}]}}