{"id":1575,"date":"2022-03-08T05:29:13","date_gmt":"2022-03-08T04:29:13","guid":{"rendered":"https:\/\/cuartetoiberia.com\/cuarteto\/quartett-arnold-rodriguez\/"},"modified":"2022-05-19T13:14:39","modified_gmt":"2022-05-19T11:14:39","slug":"quartett-arnold-rodriguez","status":"publish","type":"page","link":"https:\/\/cuarteto.daisiv.es\/en\/cuarteto\/quartett-arnold-rodriguez\/","title":{"rendered":"Quartett &#8211; Arnold Rodr\u00edguez"},"content":{"rendered":"\t\t<div data-elementor-type=\"wp-page\" data-elementor-id=\"1575\" class=\"elementor elementor-1575 elementor-440\" data-elementor-post-type=\"page\">\n\t\t\t\t\t\t<section class=\"elementor-section elementor-top-section elementor-element elementor-element-46649b8a elementor-section-full_width elementor-section-stretched elementor-section-height-default elementor-section-height-default\" data-id=\"46649b8a\" data-element_type=\"section\" data-settings=\"{&quot;stretch_section&quot;:&quot;section-stretched&quot;,&quot;background_background&quot;:&quot;classic&quot;}\">\n\t\t\t\t\t\t<div class=\"elementor-container elementor-column-gap-no\">\n\t\t\t\t\t<div class=\"elementor-column elementor-col-25 elementor-top-column elementor-element elementor-element-61a6d5c1\" data-id=\"61a6d5c1\" data-element_type=\"column\" data-settings=\"{&quot;background_background&quot;:&quot;slideshow&quot;,&quot;background_slideshow_gallery&quot;:[],&quot;background_slideshow_loop&quot;:&quot;yes&quot;,&quot;background_slideshow_slide_duration&quot;:5000,&quot;background_slideshow_slide_transition&quot;:&quot;fade&quot;,&quot;background_slideshow_transition_duration&quot;:500}\">\n\t\t\t<div class=\"elementor-widget-wrap elementor-element-populated\">\n\t\t\t\t\t\t<div class=\"elementor-element elementor-element-57358e51 elementor-widget elementor-widget-heading\" data-id=\"57358e51\" data-element_type=\"widget\" data-widget_type=\"heading.default\">\n\t\t\t\t<div class=\"elementor-widget-container\">\n\t\t\t<style>\/*! elementor - v3.21.0 - 26-05-2024 *\/\n.elementor-heading-title{padding:0;margin:0;line-height:1}.elementor-widget-heading .elementor-heading-title[class*=elementor-size-]>a{color:inherit;font-size:inherit;line-height:inherit}.elementor-widget-heading .elementor-heading-title.elementor-size-small{font-size:15px}.elementor-widget-heading .elementor-heading-title.elementor-size-medium{font-size:19px}.elementor-widget-heading .elementor-heading-title.elementor-size-large{font-size:29px}.elementor-widget-heading .elementor-heading-title.elementor-size-xl{font-size:39px}.elementor-widget-heading .elementor-heading-title.elementor-size-xxl{font-size:59px}<\/style><p class=\"elementor-heading-title elementor-size-default\"><a href=\"https:\/\/cuarteto.daisiv.es\/en\/cuarteto\/quartett-marta-peno\/#martape\u00f1o\">Marta Pe\u00f1o<\/a><\/p>\t\t<\/div>\n\t\t\t\t<\/div>\n\t\t\t\t<div class=\"elementor-element elementor-element-6bef43c2 elementor-widget elementor-widget-heading\" data-id=\"6bef43c2\" data-element_type=\"widget\" data-widget_type=\"heading.default\">\n\t\t\t\t<div class=\"elementor-widget-container\">\n\t\t\t<p class=\"elementor-heading-title elementor-size-default\">Violin<\/p>\t\t<\/div>\n\t\t\t\t<\/div>\n\t\t\t\t\t<\/div>\n\t\t<\/div>\n\t\t\t\t<div class=\"elementor-column elementor-col-25 elementor-top-column elementor-element elementor-element-6d9bcf50\" data-id=\"6d9bcf50\" data-element_type=\"column\">\n\t\t\t<div class=\"elementor-widget-wrap elementor-element-populated\">\n\t\t\t\t\t\t<div class=\"elementor-element elementor-element-1e137942 elementor-widget elementor-widget-image\" data-id=\"1e137942\" data-element_type=\"widget\" data-widget_type=\"image.default\">\n\t\t\t\t<div class=\"elementor-widget-container\">\n\t\t\t<style>\/*! elementor - v3.21.0 - 26-05-2024 *\/\n.elementor-widget-image{text-align:center}.elementor-widget-image a{display:inline-block}.elementor-widget-image a img[src$=\".svg\"]{width:48px}.elementor-widget-image img{vertical-align:middle;display:inline-block}<\/style>\t\t\t\t\t\t\t\t\t\t\t<a href=\"https:\/\/cuarteto.daisiv.es\/en\/cuarteto\/quartett-marta-peno\/#martape\u00f1o\">\n\t\t\t\t\t\t\t<img fetchpriority=\"high\" decoding=\"async\" width=\"1200\" height=\"1200\" src=\"https:\/\/cuarteto.daisiv.es\/wp-content\/uploads\/2022\/03\/marta-peno-cuarteto-iberia.jpg\" class=\"attachment-full size-full wp-image-1443\" alt=\"\" srcset=\"https:\/\/cuarteto.daisiv.es\/wp-content\/uploads\/2022\/03\/marta-peno-cuarteto-iberia.jpg 1200w, https:\/\/cuarteto.daisiv.es\/wp-content\/uploads\/2022\/03\/marta-peno-cuarteto-iberia-300x300.jpg 300w, https:\/\/cuarteto.daisiv.es\/wp-content\/uploads\/2022\/03\/marta-peno-cuarteto-iberia-1024x1024.jpg 1024w, https:\/\/cuarteto.daisiv.es\/wp-content\/uploads\/2022\/03\/marta-peno-cuarteto-iberia-150x150.jpg 150w, https:\/\/cuarteto.daisiv.es\/wp-content\/uploads\/2022\/03\/marta-peno-cuarteto-iberia-768x768.jpg 768w\" sizes=\"(max-width: 1200px) 100vw, 1200px\" \/>\t\t\t\t\t\t\t\t<\/a>\n\t\t\t\t\t\t\t\t\t\t\t\t\t<\/div>\n\t\t\t\t<\/div>\n\t\t\t\t\t<\/div>\n\t\t<\/div>\n\t\t\t\t<div class=\"elementor-column elementor-col-25 elementor-top-column elementor-element elementor-element-6bce0194\" data-id=\"6bce0194\" data-element_type=\"column\">\n\t\t\t<div class=\"elementor-widget-wrap elementor-element-populated\">\n\t\t\t\t\t\t<div class=\"elementor-element elementor-element-7f7e5c7d elementor-widget elementor-widget-heading\" data-id=\"7f7e5c7d\" data-element_type=\"widget\" data-widget_type=\"heading.default\">\n\t\t\t\t<div class=\"elementor-widget-container\">\n\t\t\t<p class=\"elementor-heading-title elementor-size-default\"><a href=\"https:\/\/cuarteto.daisiv.es\/en\/cuarteto\/quarttett-luis-rodriguez\/#luisrodriguez\">Luis Rodr\u00edguez<\/a><\/p>\t\t<\/div>\n\t\t\t\t<\/div>\n\t\t\t\t<div class=\"elementor-element elementor-element-197be3d6 elementor-widget elementor-widget-heading\" data-id=\"197be3d6\" data-element_type=\"widget\" data-widget_type=\"heading.default\">\n\t\t\t\t<div class=\"elementor-widget-container\">\n\t\t\t<p class=\"elementor-heading-title elementor-size-default\">Violin<\/p>\t\t<\/div>\n\t\t\t\t<\/div>\n\t\t\t\t\t<\/div>\n\t\t<\/div>\n\t\t\t\t<div class=\"elementor-column elementor-col-25 elementor-top-column elementor-element elementor-element-38c9a0f\" data-id=\"38c9a0f\" data-element_type=\"column\">\n\t\t\t<div class=\"elementor-widget-wrap elementor-element-populated\">\n\t\t\t\t\t\t<div class=\"elementor-element elementor-element-6144311f elementor-widget elementor-widget-image\" data-id=\"6144311f\" data-element_type=\"widget\" data-widget_type=\"image.default\">\n\t\t\t\t<div class=\"elementor-widget-container\">\n\t\t\t\t\t\t\t\t\t\t\t\t\t\t<a href=\"https:\/\/cuarteto.daisiv.es\/en\/cuarteto\/quarttett-luis-rodriguez\/#luisrodriguez\">\n\t\t\t\t\t\t\t<img decoding=\"async\" width=\"1200\" height=\"1200\" src=\"https:\/\/cuarteto.daisiv.es\/wp-content\/uploads\/2022\/03\/luis-rodriguez-cuarteto-iberia.jpg\" class=\"attachment-full size-full wp-image-1449\" alt=\"\" srcset=\"https:\/\/cuarteto.daisiv.es\/wp-content\/uploads\/2022\/03\/luis-rodriguez-cuarteto-iberia.jpg 1200w, https:\/\/cuarteto.daisiv.es\/wp-content\/uploads\/2022\/03\/luis-rodriguez-cuarteto-iberia-300x300.jpg 300w, https:\/\/cuarteto.daisiv.es\/wp-content\/uploads\/2022\/03\/luis-rodriguez-cuarteto-iberia-1024x1024.jpg 1024w, https:\/\/cuarteto.daisiv.es\/wp-content\/uploads\/2022\/03\/luis-rodriguez-cuarteto-iberia-150x150.jpg 150w, https:\/\/cuarteto.daisiv.es\/wp-content\/uploads\/2022\/03\/luis-rodriguez-cuarteto-iberia-768x768.jpg 768w\" sizes=\"(max-width: 1200px) 100vw, 1200px\" \/>\t\t\t\t\t\t\t\t<\/a>\n\t\t\t\t\t\t\t\t\t\t\t\t\t<\/div>\n\t\t\t\t<\/div>\n\t\t\t\t\t<\/div>\n\t\t<\/div>\n\t\t\t\t\t<\/div>\n\t\t<\/section>\n\t\t\t\t<section class=\"elementor-section elementor-top-section elementor-element elementor-element-7cfdd614 elementor-section-full_width elementor-section-stretched elementor-reverse-mobile elementor-section-height-default elementor-section-height-default\" data-id=\"7cfdd614\" data-element_type=\"section\" data-settings=\"{&quot;stretch_section&quot;:&quot;section-stretched&quot;,&quot;background_background&quot;:&quot;classic&quot;}\">\n\t\t\t\t\t\t<div class=\"elementor-container elementor-column-gap-no\">\n\t\t\t\t\t<div class=\"elementor-column elementor-col-25 elementor-top-column elementor-element elementor-element-605e5030\" data-id=\"605e5030\" data-element_type=\"column\" data-settings=\"{&quot;background_background&quot;:&quot;slideshow&quot;,&quot;background_slideshow_gallery&quot;:[],&quot;background_slideshow_loop&quot;:&quot;yes&quot;,&quot;background_slideshow_slide_duration&quot;:5000,&quot;background_slideshow_slide_transition&quot;:&quot;fade&quot;,&quot;background_slideshow_transition_duration&quot;:500}\">\n\t\t\t<div class=\"elementor-widget-wrap elementor-element-populated\">\n\t\t\t\t\t\t<div class=\"elementor-element elementor-element-2ab513d3 elementor-widget elementor-widget-image\" data-id=\"2ab513d3\" data-element_type=\"widget\" data-widget_type=\"image.default\">\n\t\t\t\t<div class=\"elementor-widget-container\">\n\t\t\t\t\t\t\t\t\t\t\t\t\t\t<a href=\"https:\/\/cuarteto.daisiv.es\/en\/cuarteto\/\">\n\t\t\t\t\t\t\t<img decoding=\"async\" width=\"1200\" height=\"1200\" src=\"https:\/\/cuarteto.daisiv.es\/wp-content\/uploads\/2022\/03\/componentes-cuarteto-iberia2.jpg\" class=\"attachment-full size-full wp-image-1473\" alt=\"\" srcset=\"https:\/\/cuarteto.daisiv.es\/wp-content\/uploads\/2022\/03\/componentes-cuarteto-iberia2.jpg 1200w, https:\/\/cuarteto.daisiv.es\/wp-content\/uploads\/2022\/03\/componentes-cuarteto-iberia2-300x300.jpg 300w, https:\/\/cuarteto.daisiv.es\/wp-content\/uploads\/2022\/03\/componentes-cuarteto-iberia2-1024x1024.jpg 1024w, https:\/\/cuarteto.daisiv.es\/wp-content\/uploads\/2022\/03\/componentes-cuarteto-iberia2-150x150.jpg 150w, https:\/\/cuarteto.daisiv.es\/wp-content\/uploads\/2022\/03\/componentes-cuarteto-iberia2-768x768.jpg 768w\" sizes=\"(max-width: 1200px) 100vw, 1200px\" \/>\t\t\t\t\t\t\t\t<\/a>\n\t\t\t\t\t\t\t\t\t\t\t\t\t<\/div>\n\t\t\t\t<\/div>\n\t\t\t\t\t<\/div>\n\t\t<\/div>\n\t\t\t\t<div class=\"elementor-column elementor-col-25 elementor-top-column elementor-element elementor-element-1c1d703\" data-id=\"1c1d703\" data-element_type=\"column\">\n\t\t\t<div class=\"elementor-widget-wrap elementor-element-populated\">\n\t\t\t\t\t\t<div class=\"elementor-element elementor-element-7407aded elementor-widget elementor-widget-heading\" data-id=\"7407aded\" data-element_type=\"widget\" data-widget_type=\"heading.default\">\n\t\t\t\t<div class=\"elementor-widget-container\">\n\t\t\t<p class=\"elementor-heading-title elementor-size-default\"><a href=\"https:\/\/cuarteto.daisiv.es\/en\/cuarteto\/\">Cuarteto Iberia<\/a><\/p>\t\t<\/div>\n\t\t\t\t<\/div>\n\t\t\t\t<div class=\"elementor-element elementor-element-173bc6e5 elementor-widget elementor-widget-heading\" data-id=\"173bc6e5\" data-element_type=\"widget\" data-widget_type=\"heading.default\">\n\t\t\t\t<div class=\"elementor-widget-container\">\n\t\t\t<p class=\"elementor-heading-title elementor-size-default\">Members<\/p>\t\t<\/div>\n\t\t\t\t<\/div>\n\t\t\t\t\t<\/div>\n\t\t<\/div>\n\t\t\t\t<div class=\"elementor-column elementor-col-25 elementor-top-column elementor-element elementor-element-6c3a629\" data-id=\"6c3a629\" data-element_type=\"column\">\n\t\t\t<div class=\"elementor-widget-wrap elementor-element-populated\">\n\t\t\t\t\t\t<div class=\"elementor-element elementor-element-7c9ee10e elementor-widget elementor-widget-image\" data-id=\"7c9ee10e\" data-element_type=\"widget\" data-widget_type=\"image.default\">\n\t\t\t\t<div class=\"elementor-widget-container\">\n\t\t\t\t\t\t\t\t\t\t\t\t\t\t<a href=\"https:\/\/cuarteto.daisiv.es\/en\/cuarteto\/quartett-aurora-rus\/#aurorarus\">\n\t\t\t\t\t\t\t<img loading=\"lazy\" decoding=\"async\" width=\"1200\" height=\"1200\" src=\"https:\/\/cuarteto.daisiv.es\/wp-content\/uploads\/2022\/03\/aurora-rus-cuarteto-iberia.jpg\" class=\"attachment-full size-full wp-image-1445\" alt=\"\" srcset=\"https:\/\/cuarteto.daisiv.es\/wp-content\/uploads\/2022\/03\/aurora-rus-cuarteto-iberia.jpg 1200w, https:\/\/cuarteto.daisiv.es\/wp-content\/uploads\/2022\/03\/aurora-rus-cuarteto-iberia-300x300.jpg 300w, https:\/\/cuarteto.daisiv.es\/wp-content\/uploads\/2022\/03\/aurora-rus-cuarteto-iberia-1024x1024.jpg 1024w, https:\/\/cuarteto.daisiv.es\/wp-content\/uploads\/2022\/03\/aurora-rus-cuarteto-iberia-150x150.jpg 150w, https:\/\/cuarteto.daisiv.es\/wp-content\/uploads\/2022\/03\/aurora-rus-cuarteto-iberia-768x768.jpg 768w\" sizes=\"(max-width: 1200px) 100vw, 1200px\" \/>\t\t\t\t\t\t\t\t<\/a>\n\t\t\t\t\t\t\t\t\t\t\t\t\t<\/div>\n\t\t\t\t<\/div>\n\t\t\t\t\t<\/div>\n\t\t<\/div>\n\t\t\t\t<div class=\"elementor-column elementor-col-25 elementor-top-column elementor-element elementor-element-bcb6b84\" data-id=\"bcb6b84\" data-element_type=\"column\">\n\t\t\t<div class=\"elementor-widget-wrap elementor-element-populated\">\n\t\t\t\t\t\t<div class=\"elementor-element elementor-element-a8b8297 elementor-widget elementor-widget-heading\" data-id=\"a8b8297\" data-element_type=\"widget\" data-widget_type=\"heading.default\">\n\t\t\t\t<div class=\"elementor-widget-container\">\n\t\t\t<p class=\"elementor-heading-title elementor-size-default\"><a href=\"https:\/\/cuarteto.daisiv.es\/en\/cuarteto\/quartett-aurora-rus\/#aurorarus\">Aurora Rus<\/a><\/p>\t\t<\/div>\n\t\t\t\t<\/div>\n\t\t\t\t<div class=\"elementor-element elementor-element-26aaf007 elementor-widget elementor-widget-heading\" data-id=\"26aaf007\" data-element_type=\"widget\" data-widget_type=\"heading.default\">\n\t\t\t\t<div class=\"elementor-widget-container\">\n\t\t\t<p class=\"elementor-heading-title elementor-size-default\">Viola<\/p>\t\t<\/div>\n\t\t\t\t<\/div>\n\t\t\t\t\t<\/div>\n\t\t<\/div>\n\t\t\t\t\t<\/div>\n\t\t<\/section>\n\t\t\t\t<section class=\"elementor-section elementor-top-section elementor-element elementor-element-5627edff elementor-section-boxed elementor-section-height-default elementor-section-height-default\" data-id=\"5627edff\" data-element_type=\"section\" id=\"arnoldrodriguez\">\n\t\t\t\t\t\t<div class=\"elementor-container elementor-column-gap-default\">\n\t\t\t\t\t<div class=\"elementor-column elementor-col-100 elementor-top-column elementor-element elementor-element-5526397f\" data-id=\"5526397f\" data-element_type=\"column\">\n\t\t\t<div class=\"elementor-widget-wrap elementor-element-populated\">\n\t\t\t\t\t\t<div class=\"elementor-element elementor-element-33081e7c elementor-widget elementor-widget-heading\" data-id=\"33081e7c\" data-element_type=\"widget\" data-widget_type=\"heading.default\">\n\t\t\t\t<div class=\"elementor-widget-container\">\n\t\t\t<h1 class=\"elementor-heading-title elementor-size-default\">Arnold Rodr\u00edguez<\/h1>\t\t<\/div>\n\t\t\t\t<\/div>\n\t\t\t\t<div class=\"elementor-element elementor-element-1afb12c6 elementor-widget elementor-widget-text-editor\" data-id=\"1afb12c6\" data-element_type=\"widget\" data-widget_type=\"text-editor.default\">\n\t\t\t\t<div class=\"elementor-widget-container\">\n\t\t\t<style>\/*! elementor - v3.21.0 - 26-05-2024 *\/\n.elementor-widget-text-editor.elementor-drop-cap-view-stacked .elementor-drop-cap{background-color:#69727d;color:#fff}.elementor-widget-text-editor.elementor-drop-cap-view-framed .elementor-drop-cap{color:#69727d;border:3px solid;background-color:transparent}.elementor-widget-text-editor:not(.elementor-drop-cap-view-default) .elementor-drop-cap{margin-top:8px}.elementor-widget-text-editor:not(.elementor-drop-cap-view-default) .elementor-drop-cap-letter{width:1em;height:1em}.elementor-widget-text-editor .elementor-drop-cap{float:left;text-align:center;line-height:1;font-size:50px}.elementor-widget-text-editor .elementor-drop-cap-letter{display:inline-block}<\/style>\t\t\t\tVioloncello\t\t\t\t\t\t<\/div>\n\t\t\t\t<\/div>\n\t\t\t\t<div class=\"elementor-element elementor-element-3cd31ed7 elementor-widget-divider--view-line elementor-widget elementor-widget-divider\" data-id=\"3cd31ed7\" data-element_type=\"widget\" data-widget_type=\"divider.default\">\n\t\t\t\t<div class=\"elementor-widget-container\">\n\t\t\t<style>\/*! elementor - v3.21.0 - 26-05-2024 *\/\n.elementor-widget-divider{--divider-border-style:none;--divider-border-width:1px;--divider-color:#0c0d0e;--divider-icon-size:20px;--divider-element-spacing:10px;--divider-pattern-height:24px;--divider-pattern-size:20px;--divider-pattern-url:none;--divider-pattern-repeat:repeat-x}.elementor-widget-divider .elementor-divider{display:flex}.elementor-widget-divider .elementor-divider__text{font-size:15px;line-height:1;max-width:95%}.elementor-widget-divider .elementor-divider__element{margin:0 var(--divider-element-spacing);flex-shrink:0}.elementor-widget-divider .elementor-icon{font-size:var(--divider-icon-size)}.elementor-widget-divider .elementor-divider-separator{display:flex;margin:0;direction:ltr}.elementor-widget-divider--view-line_icon .elementor-divider-separator,.elementor-widget-divider--view-line_text .elementor-divider-separator{align-items:center}.elementor-widget-divider--view-line_icon .elementor-divider-separator:after,.elementor-widget-divider--view-line_icon .elementor-divider-separator:before,.elementor-widget-divider--view-line_text .elementor-divider-separator:after,.elementor-widget-divider--view-line_text .elementor-divider-separator:before{display:block;content:\"\";border-block-end:0;flex-grow:1;border-block-start:var(--divider-border-width) var(--divider-border-style) var(--divider-color)}.elementor-widget-divider--element-align-left .elementor-divider .elementor-divider-separator>.elementor-divider__svg:first-of-type{flex-grow:0;flex-shrink:100}.elementor-widget-divider--element-align-left .elementor-divider-separator:before{content:none}.elementor-widget-divider--element-align-left .elementor-divider__element{margin-left:0}.elementor-widget-divider--element-align-right .elementor-divider .elementor-divider-separator>.elementor-divider__svg:last-of-type{flex-grow:0;flex-shrink:100}.elementor-widget-divider--element-align-right .elementor-divider-separator:after{content:none}.elementor-widget-divider--element-align-right .elementor-divider__element{margin-right:0}.elementor-widget-divider--element-align-start .elementor-divider .elementor-divider-separator>.elementor-divider__svg:first-of-type{flex-grow:0;flex-shrink:100}.elementor-widget-divider--element-align-start .elementor-divider-separator:before{content:none}.elementor-widget-divider--element-align-start .elementor-divider__element{margin-inline-start:0}.elementor-widget-divider--element-align-end .elementor-divider .elementor-divider-separator>.elementor-divider__svg:last-of-type{flex-grow:0;flex-shrink:100}.elementor-widget-divider--element-align-end .elementor-divider-separator:after{content:none}.elementor-widget-divider--element-align-end .elementor-divider__element{margin-inline-end:0}.elementor-widget-divider:not(.elementor-widget-divider--view-line_text):not(.elementor-widget-divider--view-line_icon) .elementor-divider-separator{border-block-start:var(--divider-border-width) var(--divider-border-style) var(--divider-color)}.elementor-widget-divider--separator-type-pattern{--divider-border-style:none}.elementor-widget-divider--separator-type-pattern.elementor-widget-divider--view-line .elementor-divider-separator,.elementor-widget-divider--separator-type-pattern:not(.elementor-widget-divider--view-line) .elementor-divider-separator:after,.elementor-widget-divider--separator-type-pattern:not(.elementor-widget-divider--view-line) .elementor-divider-separator:before,.elementor-widget-divider--separator-type-pattern:not([class*=elementor-widget-divider--view]) .elementor-divider-separator{width:100%;min-height:var(--divider-pattern-height);-webkit-mask-size:var(--divider-pattern-size) 100%;mask-size:var(--divider-pattern-size) 100%;-webkit-mask-repeat:var(--divider-pattern-repeat);mask-repeat:var(--divider-pattern-repeat);background-color:var(--divider-color);-webkit-mask-image:var(--divider-pattern-url);mask-image:var(--divider-pattern-url)}.elementor-widget-divider--no-spacing{--divider-pattern-size:auto}.elementor-widget-divider--bg-round{--divider-pattern-repeat:round}.rtl .elementor-widget-divider .elementor-divider__text{direction:rtl}.e-con-inner>.elementor-widget-divider,.e-con>.elementor-widget-divider{width:var(--container-widget-width,100%);--flex-grow:var(--container-widget-flex-grow)}<\/style>\t\t<div class=\"elementor-divider\">\n\t\t\t<span class=\"elementor-divider-separator\">\n\t\t\t\t\t\t<\/span>\n\t\t<\/div>\n\t\t\t\t<\/div>\n\t\t\t\t<\/div>\n\t\t\t\t<div class=\"elementor-element elementor-element-353edfc0 elementor-widget elementor-widget-text-editor\" data-id=\"353edfc0\" data-element_type=\"widget\" data-widget_type=\"text-editor.default\">\n\t\t\t\t<div class=\"elementor-widget-container\">\n\t\t\t\t\t\t\t<p style=\"font-weight: 400;\">Arnold Rodriguez was born in Santa Cruz de Tenerife in 1993.\nHe was drawn to music from an early age due to the musical tradition of his home. At the age of five years\nhe began to play violoncello. Arnold has studied in Madrid, M\u00fcnchen,\nOviedo and Salzburg.<\/p>\n\n<p style=\"font-weight: 400;\">Arnold Rodriguez has a broad chamber music career. He has been invited to numerous chamber music festivals\nsuch as the \u201cStanford Chamber Music Festival\u201d (UK), the \u201cAustin\nChamber Music Festival\u201d (USA) or the \u201cFestival Luigi Boccherini\u201d (IT). Between\n2010 and 2017 he was part of the Sarasvati String Quartet. From 2017 he plays with the Cuarteto Iberia, of which he is a founding member.\nHe has received many awards as a chamber musician such as the\n1st prize in Concurso Adolfo Salazar and in\nOctober 2014 she wins the first prize in Rotary International Chamber Music Competition in Madrid, which involves a series of concerts in Tuscany. His mentors and professors have been Tokyo String Quartet,\nCuarteto Casals, Artemis Quartett, Cuarteto Quiroga, Emerson String Quartet,\nVogler Quartett and Kuss Quartet. He has also been a student of Gerhard Schulz, G\u00fcnter Pichler (Alban Berg Quartet),\nStephan Schilli or Ferenc Rados among others.<\/p>\n\n<p style=\"font-weight: 400;\">Arnold Rodriguez has played with orchestras like Orquesta Sinf\u00f3nica\ndel Principado de Asturias (OSPA) or the Orquesta Sinf\u00f3nica de Tenerife (OST).\nHe has played under the batons of distinguished conductors including\nVictor Pablo Perez, Perry So, Rossen Milanov, or John Holloway among others.<\/p>\n\n<p style=\"font-weight: 400;\">He performs regularly in Germany, Austria, UK, Italy,\nSpain and USA. Apart from his concert activity, he continues his work as a pedagogue\ngiving lessons to young chamber music ensembles and cellists.<\/p>\n\n<p style=\"font-weight: 400;\">From 2012 he has been sponsored for chamber music by Jeunesses Musicales\nInternational.<\/p>\t\t\t\t\t\t<\/div>\n\t\t\t\t<\/div>\n\t\t\t\t\t<\/div>\n\t\t<\/div>\n\t\t\t\t\t<\/div>\n\t\t<\/section>\n\t\t\t\t<section class=\"elementor-section elementor-top-section elementor-element elementor-element-391c9b36 elementor-section-boxed elementor-section-height-default elementor-section-height-default\" data-id=\"391c9b36\" data-element_type=\"section\">\n\t\t\t\t\t\t<div class=\"elementor-container elementor-column-gap-default\">\n\t\t\t\t\t<div class=\"elementor-column elementor-col-100 elementor-top-column elementor-element elementor-element-e868636\" data-id=\"e868636\" data-element_type=\"column\">\n\t\t\t<div class=\"elementor-widget-wrap elementor-element-populated\">\n\t\t\t\t\t\t<div class=\"elementor-element elementor-element-26fb28d5 elementor-align-center elementor-widget elementor-widget-button\" data-id=\"26fb28d5\" data-element_type=\"widget\" data-widget_type=\"button.default\">\n\t\t\t\t<div class=\"elementor-widget-container\">\n\t\t\t\t\t<div class=\"elementor-button-wrapper\">\n\t\t\t<a class=\"elementor-button elementor-button-link elementor-size-lg\" href=\"https:\/\/cuarteto.daisiv.es\/wp-content\/uploads\/2022\/04\/Cuarteto-iberia-bio_es.pdf\" target=\"_blank\">\n\t\t\t\t\t\t<span class=\"elementor-button-content-wrapper\">\n\t\t\t\t\t\t\t\t\t<span class=\"elementor-button-text\">CV QUARTET<\/span>\n\t\t\t\t\t<\/span>\n\t\t\t\t\t<\/a>\n\t\t<\/div>\n\t\t\t\t<\/div>\n\t\t\t\t<\/div>\n\t\t\t\t\t<\/div>\n\t\t<\/div>\n\t\t\t\t\t<\/div>\n\t\t<\/section>\n\t\t\t\t<\/div>\n\t\t","protected":false},"excerpt":{"rendered":"<p>Marta Pe\u00f1o Violin Luis Rodr\u00edguez Violin Cuarteto Iberia Members Aurora Rus Viola Arnold Rodr\u00edguez Violoncello Arnold Rodriguez was born in Santa Cruz de Tenerife in 1993. He was drawn to music from an early age due to the musical tradition of his home. At the age of five years he began to play violoncello. Arnold &#8230; <a title=\"Quartett &#8211; Arnold Rodr\u00edguez\" class=\"read-more\" href=\"https:\/\/cuarteto.daisiv.es\/en\/cuarteto\/quartett-arnold-rodriguez\/\" aria-label=\"Read more about Quartett &#8211; Arnold Rodr\u00edguez\">Leer m\u00e1s<\/a><\/p>\n","protected":false},"author":1,"featured_media":0,"parent":1537,"menu_order":0,"comment_status":"closed","ping_status":"closed","template":"","meta":{"_acf_changed":false,"footnotes":""},"class_list":["post-1575","page","type-page","status-publish"],"acf":[],"publishpress_future_action":{"enabled":false,"date":"2026-05-06 05:11:50","action":"change-status","newStatus":"draft","terms":[],"taxonomy":"translation_priority"},"publishpress_future_workflow_manual_trigger":{"enabledWorkflows":[]},"_links":{"self":[{"href":"https:\/\/cuarteto.daisiv.es\/en\/wp-json\/wp\/v2\/pages\/1575","targetHints":{"allow":["GET"]}}],"collection":[{"href":"https:\/\/cuarteto.daisiv.es\/en\/wp-json\/wp\/v2\/pages"}],"about":[{"href":"https:\/\/cuarteto.daisiv.es\/en\/wp-json\/wp\/v2\/types\/page"}],"author":[{"embeddable":true,"href":"https:\/\/cuarteto.daisiv.es\/en\/wp-json\/wp\/v2\/users\/1"}],"replies":[{"embeddable":true,"href":"https:\/\/cuarteto.daisiv.es\/en\/wp-json\/wp\/v2\/comments?post=1575"}],"version-history":[{"count":7,"href":"https:\/\/cuarteto.daisiv.es\/en\/wp-json\/wp\/v2\/pages\/1575\/revisions"}],"predecessor-version":[{"id":1990,"href":"https:\/\/cuarteto.daisiv.es\/en\/wp-json\/wp\/v2\/pages\/1575\/revisions\/1990"}],"up":[{"embeddable":true,"href":"https:\/\/cuarteto.daisiv.es\/en\/wp-json\/wp\/v2\/pages\/1537"}],"wp:attachment":[{"href":"https:\/\/cuarteto.daisiv.es\/en\/wp-json\/wp\/v2\/media?parent=1575"}],"curies":[{"name":"wp","href":"https:\/\/api.w.org\/{rel}","templated":true}]}}